{"id":8705,"date":"2018-02-19T21:06:58","date_gmt":"2018-02-19T20:06:58","guid":{"rendered":"http:\/\/www.blacktraction.com\/home\/?page_id=8705"},"modified":"2026-03-25T18:58:35","modified_gmt":"2026-03-25T17:58:35","slug":"rs-nero-copre-plastica-nera-rovinata","status":"publish","type":"page","link":"https:\/\/www.blacktraction.com\/home\/prodotti\/rs-nero-copre-plastica-nera-rovinata","title":{"rendered":"RS NERO e GRIGIO COPRONO PLASTICA ROVINATA\/MACCHIATA E BLOCCANO LA RUGGINE"},"content":{"rendered":"<div class=\"wpb-content-wrapper\"><p>[vc_row][vc_column][vc_column_text]<\/p>\n<div><span style=\"color: #ff0000;\"><a style=\"color: #ff0000;\" href=\"https:\/\/www.blacktraction.com\/home\/video-rs-nero-caratteristiche\"><span style=\"color: #d40000;\"><strong>RS NERO<\/strong><\/span><\/a><a href=\"https:\/\/shop.blacktraction.com\/product\/plastica-nera-ruggine\/\"><img loading=\"lazy\" decoding=\"async\" class=\"alignleft wp-image-11022 size-thumbnail\" src=\"https:\/\/www.blacktraction.com\/home\/wp-content\/uploads\/2020\/12\/rs-nero-100ml-marco-cisolla-blacktraction-235x250.jpg\" alt=\"\" width=\"235\" height=\"250\" \/><\/a><\/span> <span style=\"color: #000000;\">\u00e8 un prodoto <span style=\"color: #0000ff;\"><strong><a style=\"color: #0000ff;\" href=\"https:\/\/www.blacktraction.com\/home\/video-rs-nero-caratteristiche\" target=\"_blank\" rel=\"noopener\">multifunzione<\/a><\/strong><span style=\"color: #000000;\"> che sfrutta le caratteristiche antiossidanti di RS con aggiunto un pigmento nero molto coprente, <\/span><\/span>per <span style=\"color: #0000ff;\"><strong><a style=\"color: #0000ff;\" href=\"https:\/\/www.blacktraction.com\/home\/applicazione-rs-nero\" target=\"_blank\" rel=\"noopener\">coprire e uniformare al meglio possibile le imperfezioni estetiche<\/a><\/strong><\/span> della plastica nera di parti ed accessori macchiata da corrosivi o detergenti troppo aggressivi; oppure indelebilmente rovinata e macchiata quando viene scaldata o bruciate con phon, con diversi <span style=\"color: #0000ff;\"><a style=\"color: #0000ff;\" href=\"https:\/\/www.blacktraction.com\/home\/istruzioni-duso\/rs-nero-e-grigio-metodi-applicativi\" target=\"_blank\" rel=\"noopener\"><strong>metodi applicativi<\/strong><\/a><\/span> ma con la pi\u00f9 lunga durata di effetto, DIMOSTRATA superando <strong><span style=\"color: #0000ff;\"><a style=\"color: #0000ff;\" href=\"https:\/\/www.blacktraction.com\/home\/prova-di-resistenza-rs-nero-grigio-su-plastica\" target=\"_blank\" rel=\"noopener\">prove di resistenza a solventi su plastica e neoprene<\/a><\/span><\/strong> che nessun altro prodotto rinnovatore pu\u00f2 dimostrarti di poter superare! Facile e veloce da applicare per bloccare la ruggine e rinnovare la vernice nera rimasta, senza necessit\u00e0 di bonificare a fondo; perch\u00e8 RS NERO si aggrappa sia alla ruggine che alla vernice rimasta bloccando l&#8217; ossidazione con una lunga durata di effetto mai ottenuta prima e\u00a0 <strong><a href=\"https:\/\/www.blacktraction.com\/home\/rsn-prova-resistenza-su-ruggine\" target=\"_blank\" rel=\"noopener\"><span style=\"color: #0000ff;\">dimostrata superando prove di resistenza a solvente<\/span><\/a><\/strong>. Dopo l&#8217; applicazione \u00e8 la finitura \u00e8 subito idrorepellente; ma sar\u00e0 asciutta al tatto, verniciabile e resistente a detergenti aggressivi e solventi con la pi\u00f9 lunga durata di effetto mai ottenuta prima, quando l&#8217; assorbimento sar\u00e0 completato. <\/span><\/div>\n<div><span style=\"color: #000000;\">UNISCE FUNZIONE ESTETICA e TECNICA per rinnovare la plastica rovinata e scolorita della tua <span style=\"color: #0000ff;\"><strong><a style=\"color: #0000ff;\" href=\"https:\/\/www.blacktraction.com\/home\/rinnovar-e-mantenere-mini-cooper-bmw-restyling\" target=\"_blank\" rel=\"noopener\">MINI COOPER<\/a><\/strong><\/span> o dei COSTOSISSIMI BAULETTI <a href=\"https:\/\/www.blacktraction.com\/home\/rs-nero-per-plastica-rovinata-accessori-parti-moto\" target=\"_blank\" rel=\"noopener\"><span style=\"color: #0000ff;\"><strong>parti ed ACCESSORI della tua moto<\/strong><\/span><\/a> BMW e SCOOTER;<\/span><span style=\"color: #000000;\"> il <span style=\"color: #0000ff;\"><a style=\"color: #0000ff;\" href=\"https:\/\/www.blacktraction.com\/home\/bloccare-ruggine-camper\" target=\"_blank\" rel=\"noopener\"><strong>vantagggio rispetto all&#8217; utilizzo di un convertitore di ruggine<\/strong><\/a><\/span>, \u00e8 che \u00e8 verniciabile; e successivamente NON SI STACCA ! La finitura anche in questo caso \u00e8 subito idro repellente, termo resistente e verniciabile con la pi\u00f9 lunga durata di effetto mai ottenuta prima e dimostrata superando prove di resistenza a solventi quando l&#8217; assorbimento \u00e8 terminato. caratteristica che rende il prodotto particolarmente adatto per rinnovare e proteggere <strong><span style=\"color: #0000ff;\"><a style=\"color: #0000ff;\" href=\"https:\/\/www.blacktraction.com\/home\/rinnovare-vernice-scarico-vespa\" target=\"_blank\" rel=\"noopener\">parti sottoposte a elevato calore<\/a><\/span><\/strong> come marmitte e pinze freno. <\/span><\/div>\n<div><span style=\"color: #000000;\">L&#8217; utilizzo nei <a href=\"https:\/\/www.blacktraction.com\/home\/rsn-blocca-la-ruggine-di-cerchi-e-pinze-freno\"><strong><span style=\"color: #0000ff;\">cerchi in ferro arrugginiti<\/span><\/strong><\/a> delle automobili \u00e8 particolarmente apprezzato per il miglioramento estetico di lunga dura di effetto <strong><span style=\"color: #0000ff;\"><a style=\"color: #0000ff;\" href=\"https:\/\/www.blacktraction.com\/home\/rsn-ruggine-soddisfatti-o-rimborsati\" target=\"_blank\" rel=\"noopener\">SODDISFATTI O RINBORSATI<\/a><\/span><\/strong>; e perch\u00e8 ha funzione di convertitore\/sigillante che permette di <a href=\"https:\/\/www.blacktraction.com\/home\/bloccare-ruggine-e-perdite-d-aria-cerchi-ferro\" target=\"_blank\" rel=\"noopener\"><strong><span style=\"color: #000000;\"><span style=\"color: #d40202;\"><span style=\"color: #d40000;\">bloccare<\/span><\/span><\/span><\/strong><\/a> la lenta ma inesorabili\u00a0 <span style=\"color: #d40000;\"><a style=\"color: #d40000;\" href=\"https:\/\/www.blacktraction.com\/home\/bloccare-ruggine-e-perdite-d-aria-cerchi-ferro\" target=\"_blank\" rel=\"noopener\"><span style=\"color: #d40000;\"><strong>perdite d&#8217; aria<\/strong><\/span><\/a> <\/span>causa dello sgonfiaggio delle gomme, causate dalla porosit\u00e0 della ruggine all&#8217; interno dei cerchi in ferro. Ha la pi\u00f9 lunga durata di effetto perch\u00e8 non contiene silicone e cera; resiste a elevate temperature (adatto a <a href=\"https:\/\/www.blacktraction.com\/home\/rinnovare-vernice-scarico-vespa\" target=\"_blank\" rel=\"noopener\"><span style=\"color: #0000ff;\"><strong>scarichi moto e auto<\/strong><\/span><\/a>); particolarmente adatto a <span style=\"color: #0000ff;\"><strong><a style=\"color: #0000ff;\" href=\"https:\/\/www.blacktraction.com\/home\/rs-nero-speciale-scooter-usato-occasione\" target=\"_blank\" rel=\"noopener\">rinnovare parti ed accessori di scooter vecchi e molto rovinati<\/a><\/strong><\/span> sia sulla plastica, che vernice e accessori in ferro arrugginito&#8230; ed \u00e8 l&#8217; unico che supera <a href=\"https:\/\/www.blacktraction.com\/home\/prova-di-resistenza-rs-nero-grigio-su-plastica\" target=\"_blank\" rel=\"noopener\"><span style=\"color: #d40202;\"><strong><span style=\"color: #d40000;\">prove di resistenza a detergenti pi\u00f9 aggressivi e<\/span><\/strong><\/span><strong><span style=\"color: #d40000;\"> solventi<\/span><\/strong><\/a>. La finitura non determina spessore, ed \u00e8 verniciabile terminato l&#8217; assorbimento (asciutto al tatto).Il tempo necessario al completo assorbimento sulla plastica, \u00e8 un p\u00f2 pi\u00f9 lungo rispetto a RS, perch\u00e8 il polimero della plastica rovinato ha un assorbe pi\u00f9 lentamente e perch\u00e8 il pigmento aumenta leggermente la densit\u00e0 del prodotto. RSN \u00e8 adatto <strong><span style=\"color: #0000ff;\"><a style=\"color: #0000ff;\" href=\"https:\/\/www.blacktraction.com\/home\/rinnovare-vernici-nere-e-bloccare-ruggine\" target=\"_blank\" rel=\"noopener\">rinnovare le vernici nere di parti di auto storiche<\/a><\/span><\/strong> e anti rombo.<\/span><\/div>\n<p>[\/vc_column_text][\/vc_column][\/vc_row][vc_row][vc_column width=&#8221;1\/3&#8243;][vc_btn title=&#8221;CARATTERISTICHE di RSN e RSG&#8221; style=&#8221;custom&#8221; custom_background=&#8221;#000000&#8243; custom_text=&#8221;#ffffff&#8221; align=&#8221;center&#8221; button_block=&#8221;true&#8221; link=&#8221;url:https%3A%2F%2Fwww.blacktraction.com%2Fhome%2Fvideo-rs-nero-caratteristiche|target:_blank&#8221;][\/vc_column][vc_column width=&#8221;1\/3&#8243;][vc_btn title=&#8221;PROVE RESISTENZA RSN e RSG&#8221; style=&#8221;custom&#8221; custom_background=&#8221;#dd0000&#8243; custom_text=&#8221;#ffffff&#8221; align=&#8221;center&#8221; button_block=&#8221;true&#8221; link=&#8221;url:https%3A%2F%2Fwww.blacktraction.com%2Fhome%2Fprova-di-resistenza-rs-nero-grigio-su-plastica|target:_blank&#8221;][\/vc_column][vc_column width=&#8221;1\/3&#8243;][vc_btn title=&#8221;METODO APPLICATIVO RSN e RSG&#8221; style=&#8221;custom&#8221; custom_background=&#8221;#00f7f7&#8243; custom_text=&#8221;#000000&#8243; align=&#8221;center&#8221; button_block=&#8221;true&#8221; link=&#8221;url:https%3A%2F%2Fwww.blacktraction.com%2Fhome%2Frs-nero-speciale-scooter-usato-occasione|target:_blank&#8221;][\/vc_column][\/vc_row][vc_row][vc_column][vc_column_text]<\/p>\n<h4 style=\"text-align: center;\"><span style=\"color: #d40000;\"><strong>PLASTICA SCALDATA\/ROVINATA CON PHON<\/strong><\/span><\/h4>\n<p>[\/vc_column_text][\/vc_column][\/vc_row][vc_row css=&#8221;.vc_custom_1744277435504{margin-right: 0px !important;margin-left: 0px !important;padding-right: 0px !important;padding-left: 0px !important;}&#8221;][vc_column][vc_gallery type=&#8221;image_grid&#8221; images=&#8221;6403,6402,8680,8681,7805,7806,7804,7807&#8243; img_size=&#8221;220&#215;220&#8243; columns=&#8221;4&#8243; link=&#8221;file&#8221;][\/vc_column][\/vc_row][vc_row][vc_column][vc_column_text]<\/p>\n<h4 style=\"text-align: center;\"><span style=\"color: #d40000;\"><strong>PLASTICA MACCHIATA DA DETERGENTI CORROSIVI<\/strong><\/span><\/h4>\n<p>[\/vc_column_text][\/vc_column][\/vc_row][vc_row][vc_column][vc_gallery type=&#8221;image_grid&#8221; images=&#8221;8682,8683,9181,9183,8734,8735,9230,9231,21164,21181,9064,9065,9066,9067,9041,9042&#8243; img_size=&#8221;220&#215;220&#8243; columns=&#8221;4&#8243; link=&#8221;file&#8221;][vc_column_text]<img loading=\"lazy\" decoding=\"async\" class=\"aligncenter size-medium wp-image-22465\" src=\"https:\/\/www.blacktraction.com\/home\/wp-content\/uploads\/2026\/03\/RS-NERO-ACCESSORI-MOTO-bmw-ROVINATI-2026-copertina-blacktraction-marco-300x179.jpg\" alt=\"\" width=\"300\" height=\"179\" srcset=\"https:\/\/www.blacktraction.com\/home\/wp-content\/uploads\/2026\/03\/RS-NERO-ACCESSORI-MOTO-bmw-ROVINATI-2026-copertina-blacktraction-marco-300x179.jpg 300w, https:\/\/www.blacktraction.com\/home\/wp-content\/uploads\/2026\/03\/RS-NERO-ACCESSORI-MOTO-bmw-ROVINATI-2026-copertina-blacktraction-marco-768x457.jpg 768w, https:\/\/www.blacktraction.com\/home\/wp-content\/uploads\/2026\/03\/RS-NERO-ACCESSORI-MOTO-bmw-ROVINATI-2026-copertina-blacktraction-marco.jpg 1019w\" sizes=\"auto, (max-width: 300px) 100vw, 300px\" \/>[\/vc_column_text][\/vc_column][\/vc_row][vc_row][vc_column][vc_column_text]<\/p>\n<h4 style=\"text-align: center;\"><span style=\"color: #d40000;\"><strong>RS NERO RUGGINE E VERNICE NERA<\/strong><\/span><\/h4>\n<p>[\/vc_column_text][\/vc_column][\/vc_row][vc_row][vc_column][vc_single_image image=&#8221;11926&#8243; img_size=&#8221;full&#8221; alignment=&#8221;center&#8221;][\/vc_column][\/vc_row][vc_row][vc_column][vc_column_text]<\/p>\n<p style=\"text-align: center;\"><strong><br \/>\n<span style=\"color: #d40000;\">VERNICI AUTO STORICHE E RUGGINE CERCHI IN FERRO, MARMITTE E PINZE FRENO<\/span><br \/>\n<\/strong><\/p>\n<p>[\/vc_column_text][\/vc_column][\/vc_row][vc_row][vc_column][vc_gallery type=&#8221;image_grid&#8221; images=&#8221;12692,12693,9717,9719,10694,10695,9591,9592,9448,9451,9452,9450,9583,10691,9351,9353,9589,9590,9587,9588,9601,9602,9446,9447&#8243; img_size=&#8221;220&#215;220&#8243; columns=&#8221;4&#8243; link=&#8221;file&#8221;][\/vc_column][\/vc_row][vc_row el_id=&#8221;rsgrigio&#8221;][vc_column][vc_column_text]<span style=\"color: #000000;\"><br \/>\n<img loading=\"lazy\" decoding=\"async\" class=\"size-full wp-image-21192 alignleft\" src=\"https:\/\/www.blacktraction.com\/home\/wp-content\/uploads\/2025\/06\/rs-grigio-100ml.jpg\" alt=\"\" width=\"243\" height=\"235\" \/><\/span><\/p>\n<p>&nbsp;<\/p>\n<p>&nbsp;<\/p>\n<p>&nbsp;<\/p>\n<p>&nbsp;<\/p>\n<p>&nbsp;<\/p>\n<p><span style=\"color: #ff0000;\"><strong>RS GRIGIO<\/strong><\/span> ha uguali caratteristiche di RS NERO, per rinnovare plastica, venici, resina di colore grigio scuro; per coprire la ruggine e per <a href=\"https:\/\/www.blacktraction.com\/home\/rinnovare-plastica-vernice-grigia-e-bloccare-ruggine\" target=\"_blank\" rel=\"noopener\"><strong><span style=\"color: #0000ff;\">rinnovare<\/span> <span style=\"color: #0000ff;\">la plastica grigia scura rovinata e macchiata<\/span><\/strong><\/a> da corrosivi o scaldata. Adatto a <a href=\"https:\/\/www.blacktraction.com\/home\/rsg-plastica-scooter-rovinata\" target=\"_blank\" rel=\"noopener\"><strong><span style=\"color: #0000ff;\">STABILIZZARE LA PLASTICA CHE SI SBRICCIOLA<\/span><\/strong><\/a> ridotta in polvere; la resina verniciata consumata; per stabilizzare e rinnovare al meglio possibile plastica scolorita e che si sgretola grigia; e per bonificare la ruggine e rinnovare la vernice grigia scura velocemente con una sola azione senza necessit\u00e0 di bonificare a fondo.<\/p>\n<p><strong>Dimostrazione <a href=\"https:\/\/www.blacktraction.com\/home\/rs-grigio-per-scooter\" target=\"_blank\" rel=\"noopener\"><span style=\"color: #0000ff;\">applicazione scudo scooter<\/span><\/a> ; <\/strong>profili e<span style=\"color: #0000ff;\">\u00a0<strong><a style=\"color: #0000ff;\" href=\"https:\/\/www.blacktraction.com\/home\/rinnovare-plastica-vernice-grigia-e-bloccare-ruggine\" target=\"_blank\" rel=\"noopener\">plastica rovinata e macchiata da detergenti corrosivi di parti daily<\/a><\/strong><\/span>.<\/p>\n\n\t\t<style type=\"text\/css\">\n\t\t\t#gallery-1 {\n\t\t\t\tmargin: auto;\n\t\t\t}\n\t\t\t#gallery-1 .gallery-item {\n\t\t\t\tfloat: left;\n\t\t\t\tmargin-top: 10px;\n\t\t\t\ttext-align: center;\n\t\t\t\twidth: 25%;\n\t\t\t}\n\t\t\t#gallery-1 img {\n\t\t\t\tborder: 2px solid #cfcfcf;\n\t\t\t}\n\t\t\t#gallery-1 .gallery-caption {\n\t\t\t\tmargin-left: 0;\n\t\t\t}\n\t\t\t\/* see gallery_shortcode() in wp-includes\/media.php *\/\n\t\t<\/style>\n\t\t<div id='gallery-1' class='gallery galleryid-8705 gallery-columns-4 gallery-size-thumbnail'><dl class='gallery-item'>\n\t\t\t<dt class='gallery-icon landscape'>\n\t\t\t\t<a href='https:\/\/www.blacktraction.com\/home\/home\/img20240212103802#main'><img loading=\"lazy\" decoding=\"async\" width=\"250\" height=\"250\" src=\"https:\/\/www.blacktraction.com\/home\/wp-content\/uploads\/2025\/07\/IMG20240212103802-250x250.jpg\" class=\"attachment-thumbnail size-thumbnail\" alt=\"\" srcset=\"https:\/\/www.blacktraction.com\/home\/wp-content\/uploads\/2025\/07\/IMG20240212103802-250x250.jpg 250w, https:\/\/www.blacktraction.com\/home\/wp-content\/uploads\/2025\/07\/IMG20240212103802-144x144.jpg 144w\" sizes=\"auto, (max-width: 250px) 100vw, 250px\" \/><\/a>\n\t\t\t<\/dt><\/dl><dl class='gallery-item'>\n\t\t\t<dt class='gallery-icon landscape'>\n\t\t\t\t<a href='https:\/\/www.blacktraction.com\/home\/prodotti\/rs-nero-copre-plastica-nera-rovinata\/img20240212103802rsg-cop-244-copia-copia#main'><img loading=\"lazy\" decoding=\"async\" width=\"250\" height=\"250\" src=\"https:\/\/www.blacktraction.com\/home\/wp-content\/uploads\/2024\/02\/IMG20240212103802rsg-cop-244-Copia-Copia-250x250.jpg\" class=\"attachment-thumbnail size-thumbnail\" alt=\"\" srcset=\"https:\/\/www.blacktraction.com\/home\/wp-content\/uploads\/2024\/02\/IMG20240212103802rsg-cop-244-Copia-Copia-250x250.jpg 250w, https:\/\/www.blacktraction.com\/home\/wp-content\/uploads\/2024\/02\/IMG20240212103802rsg-cop-244-Copia-Copia-144x144.jpg 144w\" sizes=\"auto, (max-width: 250px) 100vw, 250px\" \/><\/a>\n\t\t\t<\/dt><\/dl><dl class='gallery-item'>\n\t\t\t<dt class='gallery-icon landscape'>\n\t\t\t\t<a href='https:\/\/www.blacktraction.com\/home\/prodotti\/rs-nero-copre-plastica-nera-rovinata\/img_20190823_113422#main'><img loading=\"lazy\" decoding=\"async\" width=\"250\" height=\"250\" src=\"https:\/\/www.blacktraction.com\/home\/wp-content\/uploads\/2022\/12\/IMG_20190823_113422-250x250.jpg\" class=\"attachment-thumbnail size-thumbnail\" alt=\"\" srcset=\"https:\/\/www.blacktraction.com\/home\/wp-content\/uploads\/2022\/12\/IMG_20190823_113422-250x250.jpg 250w, https:\/\/www.blacktraction.com\/home\/wp-content\/uploads\/2022\/12\/IMG_20190823_113422-144x144.jpg 144w\" sizes=\"auto, (max-width: 250px) 100vw, 250px\" \/><\/a>\n\t\t\t<\/dt><\/dl><dl class='gallery-item'>\n\t\t\t<dt class='gallery-icon landscape'>\n\t\t\t\t<a href='https:\/\/www.blacktraction.com\/home\/rs-rinnova-plastica-vernici-e-materiali\/img_blacktraction20190823_115451#main'><img loading=\"lazy\" decoding=\"async\" width=\"250\" height=\"250\" src=\"https:\/\/www.blacktraction.com\/home\/wp-content\/uploads\/2020\/06\/IMG_blacktraction20190823_115451-250x250.jpg\" class=\"attachment-thumbnail size-thumbnail\" alt=\"\" srcset=\"https:\/\/www.blacktraction.com\/home\/wp-content\/uploads\/2020\/06\/IMG_blacktraction20190823_115451-250x250.jpg 250w, https:\/\/www.blacktraction.com\/home\/wp-content\/uploads\/2020\/06\/IMG_blacktraction20190823_115451-144x144.jpg 144w\" sizes=\"auto, (max-width: 250px) 100vw, 250px\" \/><\/a>\n\t\t\t<\/dt><\/dl><br style=\"clear: both\" \/>\n\t\t<\/div>\n\n<p>[\/vc_column_text][\/vc_column][\/vc_row][vc_row][vc_column][vc_btn title=&#8221;ORDINA RS GRIGIO&#8221; style=&#8221;custom&#8221; custom_background=&#8221;#5fd60a&#8221; custom_text=&#8221;#ffffff&#8221; shape=&#8221;square&#8221; link=&#8221;url:https%3A%2F%2Fshop.blacktraction.com%2Fproduct%2Frs-grigo%2F|title:ORDINA%20RS%20GRIGIO|target:_blank&#8221;][vc_column_text]<span style=\"color: #ff0000;\"><strong>AVVERTENZA<\/strong><\/span><\/p>\n<p><span style=\"color: #ff0000;\">NON adatti a plastica CERATA o per CAMBIARE COLORE di plastica NON POROSA (bianca o colori chiari a bassissimo assorbimento). NON ADATTI a PLSTICA FUSA DA CALORE.<br \/>\n<\/span>[\/vc_column_text][\/vc_column][\/vc_row][vc_row][vc_column][\/vc_column][\/vc_row][vc_row][vc_column][vc_column_text][\/vc_column_text][\/vc_column][\/vc_row][vc_column][\/vc_column][vc_column][\/vc_column][vc_column][\/vc_column]<\/p>\n<\/div>","protected":false},"excerpt":{"rendered":"<p>[vc_row][vc_column][vc_column_text] RS NERO \u00e8 un prodoto multifunzione che sfrutta le caratteristiche antiossidanti di RS con aggiunto un pigmento nero molto &hellip; <span class=\"more-link\"><a href=\"https:\/\/www.blacktraction.com\/home\/prodotti\/rs-nero-copre-plastica-nera-rovinata\">Continue Reading<\/a><\/span><\/p>\n","protected":false},"author":1,"featured_media":0,"parent":5730,"menu_order":4,"comment_status":"closed","ping_status":"closed","template":"page-full-width.php","meta":{"footnotes":""},"class_list":["post-8705","page","type-page","status-publish","hentry"],"_links":{"self":[{"href":"https:\/\/www.blacktraction.com\/home\/wp-json\/wp\/v2\/pages\/8705","targetHints":{"allow":["GET"]}}],"collection":[{"href":"https:\/\/www.blacktraction.com\/home\/wp-json\/wp\/v2\/pages"}],"about":[{"href":"https:\/\/www.blacktraction.com\/home\/wp-json\/wp\/v2\/types\/page"}],"author":[{"embeddable":true,"href":"https:\/\/www.blacktraction.com\/home\/wp-json\/wp\/v2\/users\/1"}],"replies":[{"embeddable":true,"href":"https:\/\/www.blacktraction.com\/home\/wp-json\/wp\/v2\/comments?post=8705"}],"version-history":[{"count":10,"href":"https:\/\/www.blacktraction.com\/home\/wp-json\/wp\/v2\/pages\/8705\/revisions"}],"predecessor-version":[{"id":22470,"href":"https:\/\/www.blacktraction.com\/home\/wp-json\/wp\/v2\/pages\/8705\/revisions\/22470"}],"up":[{"embeddable":true,"href":"https:\/\/www.blacktraction.com\/home\/wp-json\/wp\/v2\/pages\/5730"}],"wp:attachment":[{"href":"https:\/\/www.blacktraction.com\/home\/wp-json\/wp\/v2\/media?parent=8705"}],"curies":[{"name":"wp","href":"https:\/\/api.w.org\/{rel}","templated":true}]}}