{"id":12229,"date":"2023-01-18T18:04:11","date_gmt":"2023-01-18T17:04:11","guid":{"rendered":"https:\/\/www.blacktraction.com\/home\/?page_id=12229"},"modified":"2025-08-27T19:55:17","modified_gmt":"2025-08-27T17:55:17","slug":"blacktraction-per-aderenza-gomme","status":"publish","type":"page","link":"https:\/\/www.blacktraction.com\/home\/aumentare-rinnovare-aderenza-pneumatici-gomma\/blacktraction-per-aderenza-gomme","title":{"rendered":"BLACKTRACTION PER ADERENZA GOMME"},"content":{"rendered":"<div class=\"wpb-content-wrapper\"><p>[vc_row][vc_column][vc_column_text]<span style=\"color: #ff0000;\"><strong>Blacktraction<\/strong><\/span> <span style=\"color: #000000;\">\u00e8 una miscela liquida SENZA CORROSIVI di <a href=\"https:\/\/www.blacktraction.com\/home\/video-pneumatici\" target=\"_blank\" rel=\"noopener\"><strong><span style=\"color: #0000ff;\">facile applicazione<\/span><\/strong><\/a> a pennello, per arricchire la mescola della <span style=\"color: #0000ff;\"><strong><a style=\"color: #0000ff;\" href=\"https:\/\/www.blacktraction.com\/home\/prova-frenata-gomme-nuove-4-stagioni-suv\" target=\"_blank\" rel=\"noopener\">gomma nuova<\/a><\/strong><\/span> e vecchia per assorbimento per <a href=\"https:\/\/www.blacktraction.com\/home\/pneumaticiinvernali\" target=\"_blank\" rel=\"noopener\"><strong><span style=\"color: #0000ff;\">aumentare,<\/span><\/strong><\/a> rinnovare, mantenere e ottimizzare l&#8217; aderenza e l&#8217; elasticit\u00e0 di pneumatici estivi ed invernali m+s, e 4 stagioni stradali nuovi e vecchi. Particolarmente INDICATO il CONFRONTO per chi utilizza <span style=\"color: #0000ff;\"><strong><a style=\"color: #0000ff;\" href=\"https:\/\/www.blacktraction.com\/home\/confronto-frenata-gomme-invernali-ms-estive-d-inverno\" target=\"_blank\" rel=\"noopener\">gomme estive anche d&#8217; inverno<\/a><\/strong><\/span>. Il prodotto ha funzione antiossidante e <strong><span style=\"color: #0000ff;\"><a style=\"color: #0000ff;\" href=\"https:\/\/www.blacktraction.com\/home\/anti-invecchiamento-gomme\" target=\"_blank\" rel=\"noopener\">anti invecchiamento<\/a><\/span><\/strong> per reintegrare i componenti persi con l&#8217; ossidazione l&#8217; invecchiamento e la conseguente cristallizzazione delle gomme di auto, moto, scooter e camper.<\/span><\/p>\n<p><span style=\"color: #000000;\">E&#8217; un prodotto<\/span> <a href=\"https:\/\/www.blacktraction.com\/home\/blacktraction-e-att-multifunzione\" target=\"_blank\" rel=\"noopener\"><strong><span style=\"color: #0000ff;\">multifunzione<\/span><\/strong><\/a><span style=\"color: #000000;\">, perch\u00e8 \u00e8 adatto anche a rinnovare e mantenere l&#8217; elasticit\u00e0 della gomma delle guarnizioni; per contrastare l&#8217; invecchiamento che causa perdita di rigidit\u00e0 e crepe, che portano alla rottura delle stesse.<\/span><\/p>\n\n\t\t<style type=\"text\/css\">\n\t\t\t#gallery-1 {\n\t\t\t\tmargin: auto;\n\t\t\t}\n\t\t\t#gallery-1 .gallery-item {\n\t\t\t\tfloat: left;\n\t\t\t\tmargin-top: 10px;\n\t\t\t\ttext-align: center;\n\t\t\t\twidth: 25%;\n\t\t\t}\n\t\t\t#gallery-1 img {\n\t\t\t\tborder: 2px solid #cfcfcf;\n\t\t\t}\n\t\t\t#gallery-1 .gallery-caption {\n\t\t\t\tmargin-left: 0;\n\t\t\t}\n\t\t\t\/* see gallery_shortcode() in wp-includes\/media.php *\/\n\t\t<\/style>\n\t\t<div id='gallery-1' class='gallery galleryid-12229 gallery-columns-4 gallery-size-thumbnail'><dl class='gallery-item'>\n\t\t\t<dt class='gallery-icon landscape'>\n\t\t\t\t<a href='https:\/\/www.blacktraction.com\/home\/aumentare-rinnovare-aderenza-pneumatici-gomma\/blacktraction-per-aderenza-gomme\/img_20201217_004814blacktraction-marco-cisolla#main'><img loading=\"lazy\" decoding=\"async\" width=\"250\" height=\"250\" src=\"https:\/\/www.blacktraction.com\/home\/wp-content\/uploads\/2023\/01\/IMG_20201217_004814blacktraction-marco-cisolla-250x250.jpg\" class=\"attachment-thumbnail size-thumbnail\" alt=\"\" srcset=\"https:\/\/www.blacktraction.com\/home\/wp-content\/uploads\/2023\/01\/IMG_20201217_004814blacktraction-marco-cisolla-250x250.jpg 250w, https:\/\/www.blacktraction.com\/home\/wp-content\/uploads\/2023\/01\/IMG_20201217_004814blacktraction-marco-cisolla-144x144.jpg 144w\" sizes=\"auto, (max-width: 250px) 100vw, 250px\" \/><\/a>\n\t\t\t<\/dt><\/dl><dl class='gallery-item'>\n\t\t\t<dt class='gallery-icon landscape'>\n\t\t\t\t<a href='https:\/\/www.blacktraction.com\/home\/aumentare-rinnovare-aderenza-pneumatici-gomma\/blacktraction-per-aderenza-gomme\/img_20211107_123608blacktraction-marco-cisolla#main'><img loading=\"lazy\" decoding=\"async\" width=\"250\" height=\"250\" src=\"https:\/\/www.blacktraction.com\/home\/wp-content\/uploads\/2023\/01\/IMG_20211107_123608blacktraction-marco-cisolla-250x250.jpg\" class=\"attachment-thumbnail size-thumbnail\" alt=\"\" srcset=\"https:\/\/www.blacktraction.com\/home\/wp-content\/uploads\/2023\/01\/IMG_20211107_123608blacktraction-marco-cisolla-250x250.jpg 250w, https:\/\/www.blacktraction.com\/home\/wp-content\/uploads\/2023\/01\/IMG_20211107_123608blacktraction-marco-cisolla-144x144.jpg 144w\" sizes=\"auto, (max-width: 250px) 100vw, 250px\" \/><\/a>\n\t\t\t<\/dt><\/dl><dl class='gallery-item'>\n\t\t\t<dt class='gallery-icon landscape'>\n\t\t\t\t<a href='https:\/\/www.blacktraction.com\/home\/aumentare-rinnovare-aderenza-pneumatici-gomma\/blacktraction-per-aderenza-gomme\/img_20211118_100747-blacktraction-marco-cisolla#main'><img loading=\"lazy\" decoding=\"async\" width=\"250\" height=\"250\" src=\"https:\/\/www.blacktraction.com\/home\/wp-content\/uploads\/2023\/01\/IMG_20211118_100747-blacktraction-marco-cisolla-250x250.jpg\" class=\"attachment-thumbnail size-thumbnail\" alt=\"\" srcset=\"https:\/\/www.blacktraction.com\/home\/wp-content\/uploads\/2023\/01\/IMG_20211118_100747-blacktraction-marco-cisolla-250x250.jpg 250w, https:\/\/www.blacktraction.com\/home\/wp-content\/uploads\/2023\/01\/IMG_20211118_100747-blacktraction-marco-cisolla-144x144.jpg 144w\" sizes=\"auto, (max-width: 250px) 100vw, 250px\" \/><\/a>\n\t\t\t<\/dt><\/dl><dl class='gallery-item'>\n\t\t\t<dt class='gallery-icon landscape'>\n\t\t\t\t<a href='https:\/\/www.blacktraction.com\/home\/aumentare-rinnovare-aderenza-pneumatici-gomma\/blacktraction-per-aderenza-gomme\/img_gomme-camper-blacktraction-marco-cisolla-21211107_123619#main'><img loading=\"lazy\" decoding=\"async\" width=\"250\" height=\"250\" src=\"https:\/\/www.blacktraction.com\/home\/wp-content\/uploads\/2023\/01\/IMG_gomme-camper-blacktraction-marco-cisolla-21211107_123619-250x250.jpg\" class=\"attachment-thumbnail size-thumbnail\" alt=\"\" srcset=\"https:\/\/www.blacktraction.com\/home\/wp-content\/uploads\/2023\/01\/IMG_gomme-camper-blacktraction-marco-cisolla-21211107_123619-250x250.jpg 250w, https:\/\/www.blacktraction.com\/home\/wp-content\/uploads\/2023\/01\/IMG_gomme-camper-blacktraction-marco-cisolla-21211107_123619-144x144.jpg 144w\" sizes=\"auto, (max-width: 250px) 100vw, 250px\" \/><\/a>\n\t\t\t<\/dt><\/dl><br style=\"clear: both\" \/><dl class='gallery-item'>\n\t\t\t<dt class='gallery-icon landscape'>\n\t\t\t\t<a href='https:\/\/www.blacktraction.com\/home\/aumentare-rinnovare-aderenza-pneumatici-gomma\/blacktraction-per-aderenza-gomme\/img_20211231_114142-copia#main'><img loading=\"lazy\" decoding=\"async\" width=\"250\" height=\"250\" src=\"https:\/\/www.blacktraction.com\/home\/wp-content\/uploads\/2023\/01\/IMG_20211231_114142-Copia-250x250.jpg\" class=\"attachment-thumbnail size-thumbnail\" alt=\"\" srcset=\"https:\/\/www.blacktraction.com\/home\/wp-content\/uploads\/2023\/01\/IMG_20211231_114142-Copia-250x250.jpg 250w, https:\/\/www.blacktraction.com\/home\/wp-content\/uploads\/2023\/01\/IMG_20211231_114142-Copia-144x144.jpg 144w\" sizes=\"auto, (max-width: 250px) 100vw, 250px\" \/><\/a>\n\t\t\t<\/dt><\/dl><dl class='gallery-item'>\n\t\t\t<dt class='gallery-icon landscape'>\n\t\t\t\t<a href='https:\/\/www.blacktraction.com\/home\/aumentare-rinnovare-aderenza-pneumatici-gomma\/blacktraction-per-aderenza-gomme\/img_20221223_080454blacktraction-marco-cisolla#main'><img loading=\"lazy\" decoding=\"async\" width=\"250\" height=\"250\" src=\"https:\/\/www.blacktraction.com\/home\/wp-content\/uploads\/2023\/01\/IMG_20221223_080454blacktraction-marco-cisolla--250x250.jpg\" class=\"attachment-thumbnail size-thumbnail\" alt=\"\" srcset=\"https:\/\/www.blacktraction.com\/home\/wp-content\/uploads\/2023\/01\/IMG_20221223_080454blacktraction-marco-cisolla--250x250.jpg 250w, https:\/\/www.blacktraction.com\/home\/wp-content\/uploads\/2023\/01\/IMG_20221223_080454blacktraction-marco-cisolla--300x300.jpg 300w, https:\/\/www.blacktraction.com\/home\/wp-content\/uploads\/2023\/01\/IMG_20221223_080454blacktraction-marco-cisolla--144x144.jpg 144w, https:\/\/www.blacktraction.com\/home\/wp-content\/uploads\/2023\/01\/IMG_20221223_080454blacktraction-marco-cisolla-.jpg 600w\" sizes=\"auto, (max-width: 250px) 100vw, 250px\" \/><\/a>\n\t\t\t<\/dt><\/dl><dl class='gallery-item'>\n\t\t\t<dt class='gallery-icon landscape'>\n\t\t\t\t<a href='https:\/\/www.blacktraction.com\/home\/aumentare-rinnovare-aderenza-pneumatici-gomma\/blacktraction-per-aderenza-gomme\/img_20221223_080801blacktraction-marco-cisolla#main'><img loading=\"lazy\" decoding=\"async\" width=\"250\" height=\"250\" src=\"https:\/\/www.blacktraction.com\/home\/wp-content\/uploads\/2023\/01\/IMG_20221223_080801blacktraction-marco-cisolla-250x250.jpg\" class=\"attachment-thumbnail size-thumbnail\" alt=\"\" srcset=\"https:\/\/www.blacktraction.com\/home\/wp-content\/uploads\/2023\/01\/IMG_20221223_080801blacktraction-marco-cisolla-250x250.jpg 250w, https:\/\/www.blacktraction.com\/home\/wp-content\/uploads\/2023\/01\/IMG_20221223_080801blacktraction-marco-cisolla-300x300.jpg 300w, https:\/\/www.blacktraction.com\/home\/wp-content\/uploads\/2023\/01\/IMG_20221223_080801blacktraction-marco-cisolla-144x144.jpg 144w, https:\/\/www.blacktraction.com\/home\/wp-content\/uploads\/2023\/01\/IMG_20221223_080801blacktraction-marco-cisolla.jpg 600w\" sizes=\"auto, (max-width: 250px) 100vw, 250px\" \/><\/a>\n\t\t\t<\/dt><\/dl><dl class='gallery-item'>\n\t\t\t<dt class='gallery-icon landscape'>\n\t\t\t\t<a href='https:\/\/www.blacktraction.com\/home\/aumentare-rinnovare-aderenza-pneumatici-gomma\/blacktraction-per-aderenza-gomme\/foto1386_2-2#main'><img loading=\"lazy\" decoding=\"async\" width=\"250\" height=\"250\" src=\"https:\/\/www.blacktraction.com\/home\/wp-content\/uploads\/2023\/01\/Foto1386_2-250x250.jpg\" class=\"attachment-thumbnail size-thumbnail\" alt=\"\" srcset=\"https:\/\/www.blacktraction.com\/home\/wp-content\/uploads\/2023\/01\/Foto1386_2-250x250.jpg 250w, https:\/\/www.blacktraction.com\/home\/wp-content\/uploads\/2023\/01\/Foto1386_2-144x144.jpg 144w\" sizes=\"auto, (max-width: 250px) 100vw, 250px\" \/><\/a>\n\t\t\t<\/dt><\/dl><br style=\"clear: both\" \/><dl class='gallery-item'>\n\t\t\t<dt class='gallery-icon landscape'>\n\t\t\t\t<a href='https:\/\/www.blacktraction.com\/home\/aumentare-rinnovare-aderenza-pneumatici-gomma\/blacktraction-per-aderenza-gomme\/wp_20141206_12_28_34_pro#main'><img loading=\"lazy\" decoding=\"async\" width=\"250\" height=\"250\" src=\"https:\/\/www.blacktraction.com\/home\/wp-content\/uploads\/2023\/01\/WP_20141206_12_28_34_Pro-250x250.jpg\" class=\"attachment-thumbnail size-thumbnail\" alt=\"\" srcset=\"https:\/\/www.blacktraction.com\/home\/wp-content\/uploads\/2023\/01\/WP_20141206_12_28_34_Pro-250x250.jpg 250w, https:\/\/www.blacktraction.com\/home\/wp-content\/uploads\/2023\/01\/WP_20141206_12_28_34_Pro-144x144.jpg 144w\" sizes=\"auto, (max-width: 250px) 100vw, 250px\" \/><\/a>\n\t\t\t<\/dt><\/dl><dl class='gallery-item'>\n\t\t\t<dt class='gallery-icon landscape'>\n\t\t\t\t<a href='https:\/\/www.blacktraction.com\/home\/aumentare-rinnovare-aderenza-pneumatici-gomma\/ferrari-360-modena-test-stradali-blacktraction-2#main'><img loading=\"lazy\" decoding=\"async\" width=\"250\" height=\"250\" src=\"https:\/\/www.blacktraction.com\/home\/wp-content\/uploads\/2013\/10\/FERRARI-360-MODENA-TEST-STRADALI-BLACKTRACTION-250x250.jpg\" class=\"attachment-thumbnail size-thumbnail\" alt=\"\" \/><\/a>\n\t\t\t<\/dt><\/dl><dl class='gallery-item'>\n\t\t\t<dt class='gallery-icon landscape'>\n\t\t\t\t<a href='https:\/\/www.blacktraction.com\/home\/aumentare-rinnovare-aderenza-pneumatici-gomma\/blacktraction-per-aderenza-gomme\/att-epoca-marco-cisolla-blacktraction#main'><img loading=\"lazy\" decoding=\"async\" width=\"250\" height=\"250\" src=\"https:\/\/www.blacktraction.com\/home\/wp-content\/uploads\/2023\/01\/ATT-EPOCA-marco-cisolla-blacktraction--250x250.jpg\" class=\"attachment-thumbnail size-thumbnail\" alt=\"\" srcset=\"https:\/\/www.blacktraction.com\/home\/wp-content\/uploads\/2023\/01\/ATT-EPOCA-marco-cisolla-blacktraction--250x250.jpg 250w, https:\/\/www.blacktraction.com\/home\/wp-content\/uploads\/2023\/01\/ATT-EPOCA-marco-cisolla-blacktraction--144x144.jpg 144w\" sizes=\"auto, (max-width: 250px) 100vw, 250px\" \/><\/a>\n\t\t\t<\/dt><\/dl><dl class='gallery-item'>\n\t\t\t<dt class='gallery-icon landscape'>\n\t\t\t\t<a href='https:\/\/www.blacktraction.com\/home\/aumentare-rinnovare-aderenza-pneumatici-gomma\/blacktraction-per-aderenza-gomme\/img_9569-blacktraction-marco-cisolla#main'><img loading=\"lazy\" decoding=\"async\" width=\"250\" height=\"250\" src=\"https:\/\/www.blacktraction.com\/home\/wp-content\/uploads\/2023\/01\/IMG_9569-blacktraction-marco-cisolla-250x250.jpg\" class=\"attachment-thumbnail size-thumbnail\" alt=\"\" srcset=\"https:\/\/www.blacktraction.com\/home\/wp-content\/uploads\/2023\/01\/IMG_9569-blacktraction-marco-cisolla-250x250.jpg 250w, https:\/\/www.blacktraction.com\/home\/wp-content\/uploads\/2023\/01\/IMG_9569-blacktraction-marco-cisolla-144x144.jpg 144w\" sizes=\"auto, (max-width: 250px) 100vw, 250px\" \/><\/a>\n\t\t\t<\/dt><\/dl><br style=\"clear: both\" \/><dl class='gallery-item'>\n\t\t\t<dt class='gallery-icon landscape'>\n\t\t\t\t<a href='https:\/\/www.blacktraction.com\/home\/aumentare-rinnovare-aderenza-pneumatici-gomma\/blacktraction-per-aderenza-gomme\/blacktraction-scooter-marco-cisolla#main'><img loading=\"lazy\" decoding=\"async\" width=\"250\" height=\"250\" src=\"https:\/\/www.blacktraction.com\/home\/wp-content\/uploads\/2023\/01\/blacktraction-scooter-marco-cisolla-250x250.jpg\" class=\"attachment-thumbnail size-thumbnail\" alt=\"\" srcset=\"https:\/\/www.blacktraction.com\/home\/wp-content\/uploads\/2023\/01\/blacktraction-scooter-marco-cisolla-250x250.jpg 250w, https:\/\/www.blacktraction.com\/home\/wp-content\/uploads\/2023\/01\/blacktraction-scooter-marco-cisolla-144x144.jpg 144w\" sizes=\"auto, (max-width: 250px) 100vw, 250px\" \/><\/a>\n\t\t\t<\/dt><\/dl>\n\t\t\t<br style='clear: both' \/>\n\t\t<\/div>\n\n<p><span style=\"color: #000000;\">L&#8217; efficacia del prodotto \u00e8 DIMOSTRATA con prove di frenata che documentano come l&#8217; effetto dell&#8217; applicazione dei prodotti Blacktraction per aumentare l&#8217; aderenza permettano di ridurre lo spazio di frenata per fermare gli automezzi su strada con asfalto asciutto e bagnato con auto e moto; con gomme estive e con gomme invernali termiche m+s, <span style=\"color: #0000ff;\"><strong><a style=\"color: #0000ff;\" href=\"https:\/\/www.blacktraction.com\/home\/confronto-frenata-gomme-vecchie-nuove\" target=\"_blank\" rel=\"noopener\">confronto spazio di frenata tra gomma 4 stagioni<\/a><\/strong><\/span> nuova e di 7 anni con applicato blacktraction; e con prova moto ai rulli.<\/span><\/p>\n<p style=\"text-align: center;\"><span style=\"color: #000000;\">\u00a0<\/span><\/p>\n<p>[\/vc_column_text][vc_text_separator title=&#8221;VIDEO&#8221; color=&#8221;white&#8221; border_width=&#8221;10&#8243;][\/vc_column][\/vc_row][vc_row][vc_column width=&#8221;1\/3&#8243;][vc_single_image source=&#8221;external_link&#8221; alignment=&#8221;center&#8221; onclick=&#8221;custom_link&#8221; img_link_target=&#8221;_blank&#8221; custom_src=&#8221;https:\/\/i.ytimg.com\/vi\/UXWgBHzFSlo\/hqdefault.jpg&#8221; link=&#8221;https:\/\/www.blacktraction.com\/home\/confronto-frenata-gomme-vecchie-nuove&#8221;][\/vc_column][vc_column width=&#8221;1\/3&#8243;][vc_single_image source=&#8221;external_link&#8221; alignment=&#8221;center&#8221; onclick=&#8221;custom_link&#8221; img_link_target=&#8221;_blank&#8221; custom_src=&#8221;https:\/\/i.ytimg.com\/vi\/BBE1YHrU9PE\/hqdefault.jpg&#8221; link=&#8221;https:\/\/www.blacktraction.com\/home\/sfida-prova-frenata-gomme-nuove-vecchie&#8221;][\/vc_column][vc_column width=&#8221;1\/3&#8243;][vc_single_image source=&#8221;external_link&#8221; alignment=&#8221;center&#8221; onclick=&#8221;custom_link&#8221; img_link_target=&#8221;_blank&#8221; custom_src=&#8221;https:\/\/i.ytimg.com\/vi\/aSfns_Ps5vE\/hqdefault.jpg&#8221; link=&#8221;https:\/\/www.blacktraction.com\/home\/test-confronto-di-frenata-gomme-vecchie-auto-moto-epoca&#8221;][\/vc_column][\/vc_row][vc_row][vc_column width=&#8221;1\/2&#8243;][vc_single_image source=&#8221;external_link&#8221; alignment=&#8221;center&#8221; onclick=&#8221;custom_link&#8221; img_link_target=&#8221;_blank&#8221; custom_src=&#8221;https:\/\/i.ytimg.com\/vi\/NYYhM-hE674\/hqdefault.jpg&#8221; link=&#8221;https:\/\/www.blacktraction.com\/home\/confronto-frenata-gomme-invernali-ms-estive-d-inverno&#8221;][\/vc_column][vc_column width=&#8221;1\/2&#8243;][vc_single_image source=&#8221;external_link&#8221; alignment=&#8221;center&#8221; onclick=&#8221;custom_link&#8221; img_link_target=&#8221;_blank&#8221; custom_src=&#8221;https:\/\/i.ytimg.com\/vi\/u17yc0PFWOM\/hqdefault.jpg&#8221; link=&#8221;https:\/\/www.blacktraction.com\/home\/aumentare-aderenza-su-asfalto-bagnato&#8221;][\/vc_column][\/vc_row][vc_row][vc_column width=&#8221;1\/3&#8243;][vc_btn title=&#8221;GUARDA LE PROVE DI FRENATA\/ADERENZA&#8221; style=&#8221;custom&#8221; custom_background=&#8221;#dd1616&#8243; custom_text=&#8221;#ffffff&#8221; align=&#8221;center&#8221; button_block=&#8221;true&#8221; custom_onclick=&#8221;true&#8221; link=&#8221;url:https%3A%2F%2Fwww.blacktraction.com%2Fhome%2Fvideo%23aderenza|target:_blank&#8221;][\/vc_column][vc_column width=&#8221;1\/3&#8243;][vc_btn title=&#8221;APPLICAZIONE DI BLACKTRACTION&#8221; style=&#8221;custom&#8221; custom_background=&#8221;#59d600&#8243; custom_text=&#8221;#000000&#8243; align=&#8221;center&#8221; button_block=&#8221;true&#8221; custom_onclick=&#8221;true&#8221; link=&#8221;url:https%3A%2F%2Fwww.blacktraction.com%2Fhome%2Fpneumaticiinvernali|target:_blank&#8221;][\/vc_column][vc_column width=&#8221;1\/3&#8243;][vc_btn title=&#8221;BLACKTRACTION MULTIFUNZIONE&#8221; style=&#8221;custom&#8221; custom_background=&#8221;#69e2ef&#8221; custom_text=&#8221;#000000&#8243; align=&#8221;center&#8221; button_block=&#8221;true&#8221; custom_onclick=&#8221;true&#8221; link=&#8221;url:https%3A%2F%2Fwww.blacktraction.com%2Fhome%2Fblacktraction-e-att-multifunzione|target:_blank&#8221;][\/vc_column][\/vc_row][vc_row][vc_column width=&#8221;1\/3&#8243;][vc_btn title=&#8221;CARATTERISTICHE DI BLACKTRACTION&#8221; style=&#8221;custom&#8221; custom_background=&#8221;#ffffff&#8221; custom_text=&#8221;#000000&#8243; align=&#8221;center&#8221; button_block=&#8221;true&#8221; custom_onclick=&#8221;true&#8221; link=&#8221;url:https%3A%2F%2Fwww.blacktraction.com%2Fhome%2Fcaratteristiche-blacktraction|target:_blank&#8221;][\/vc_column][vc_column width=&#8221;1\/3&#8243;][vc_btn title=&#8221;ACQUISTA BLACKTRACTION&#8221; style=&#8221;custom&#8221; custom_background=&#8221;#eab54b&#8221; custom_text=&#8221;#000000&#8243; align=&#8221;center&#8221; button_block=&#8221;true&#8221; custom_onclick=&#8221;true&#8221; link=&#8221;url:https%3A%2F%2Fshop.blacktraction.com%2Fproduct%2Fblacktraction%2F|target:_blank&#8221;][\/vc_column][vc_column width=&#8221;1\/3&#8243;][\/vc_column][\/vc_row][vc_row][vc_column][vc_column_text]<span style=\"color: #000000;\">Il prodotto \u00e8 adatto all&#8217; applicazione sulle gomme vecchie e nuove:<\/span><\/p>\n<ul>\n<li><span style=\"color: #000000;\">stradali estive, invernali termiche M+S, 4 stagioni<\/span><\/li>\n<li><span style=\"color: #000000;\">stradali utilizzate nelle competizioni di auto e moto anche storiche (per migliorare le prestazioni e contrastare gli elevati shock termici che causano decadimento delle prestazioni dopo pochi kilometri)<\/span><\/li>\n<li><span style=\"color: #000000;\">racing da pioggia (rain)<\/span><\/li>\n<li><span style=\"color: #000000;\">slick racing da corsa di auto e moto per uso sia interno che esterno per stabilizzare al meglio possibile le prestazioni<\/span><\/li>\n<li><span style=\"color: #000000;\">partticolarmente apprezzato l\u2019utilizzo sulle gomme di<\/span> <strong><a href=\"https:\/\/www.blacktraction.com\/home\/att-rinnova-pneumatici-vecchi-di-auto-moto-storiche\" target=\"_blank\" rel=\"noopener\"><span style=\"color: #0000ff;\">auto e moto storiche<\/span><\/a><\/strong> <span style=\"color: #000000;\">d&#8217; epoca e<\/span> <strong><span style=\"color: #0000ff;\"><a style=\"color: #0000ff;\" href=\"https:\/\/www.blacktraction.com\/home\/rinnovogommecamper\" target=\"_blank\" rel=\"noopener\">camper<\/a><\/span><\/strong><span style=\"color: #000000;\">, per rinnovare e mantenere al massimo possibile ottimale e costante l\u2019 aderenza di gomme che, anche se fanno pochi chilometri all\u2019 anno, invecchiano e si cristallizzano comunque anche quando non vengono utilizzate<\/span><\/li>\n<li><span style=\"color: #000000;\">moto, scooter, minimoto e minibike anche racing<br \/>\n<\/span><\/li>\n<li><span style=\"color: #000000;\">camper, furgoni, camion e auto elettriche<\/span><\/li>\n<li><span style=\"color: #000000;\">auto RC in mescole medio\/ dure.<\/span><\/li>\n<\/ul>\n<p><span style=\"color: #000000;\">L\u2019 <a href=\"https:\/\/www.blacktraction.com\/home\/video-pneumatici\" target=\"_blank\" rel=\"noopener\"><strong><span style=\"color: #0000ff;\">applicazione<\/span><\/strong><\/a> di Blacktraction \u00e8 facile e veloce; e va fatta a pennello sulla gomma possibilmente asciutta e ad una buona temperatura ambiente, per ottenere il pi\u00f9 rapido e profondo assorbimento ed effetto possibili. E&#8217; molto conveniente ed importante perch\u00e8:<\/span><\/p>\n<ul>\n<li><span style=\"color: #000000;\">permette di risparmiare perch\u00e8 con pochi euro di prodotto rispetto alla sostituzione, rinnovate\/sfruttate la massima aderenza possibile degli pneumatici vecchi per 6 mesi con una sola applicazione, e rinviate la spesa della sostituzione di centinaia di euro a quando saranno consumati;<\/span><\/li>\n<li><span style=\"color: #000000;\">aumenta il controllo e la sicurezza stradale attiva perch\u00e8 l&#8217; applicazione permette di ridurre di circa il 25 % lo spazio per fermare un\u2019 auto o una moto su asfalto asciutto e bagnato; e sfruttare al massimo possibile l\u2019 efficacia di ABS e anti\/pattinamento (che sarebbero inutili se gli pneumatici fossero di legno o di ferro);<\/span><\/li>\n<li><span style=\"color: #000000;\">permette agli pneumatici di raggiungere\/ottimizzare pi\u00f9 rapidamente la temperatura di esercizio ottimale (molto importante d\u2019 inverno) e mantenere ottimale la massima aderenza\/sicurezza stradale durante gli anni in cui vengono utilizzati (sopratutto quando vengono utilizzati alternativamente pneumatici estivi e invernali M+S, che invecchiano anche se inutilizzati);<\/span><\/li>\n<li><span style=\"color: #000000;\">arrichisce il polimero della mescola della gomma per aumentare l\u2019 aderenza di pneumatici nuovi e vecchi, estivi ed invernali termici (M+S); per mantenere costante al massimo livello possibile il grip durante gli anni in cui verranno utilizzati; con effetto immediato, crescente e conservativo anti et\u00e0 e anti ossidante (anti-invecchiamento) per circa 6 mesi con una sola applicazione;<\/span><\/li>\n<li><span style=\"color: #000000;\">contrasta l\u2019 effetto degli shock termici che accellerano l\u2019 invecchiamento e la perdit\u00e0 di elasticit\u00e0\/aderenza;<\/span><\/li>\n<li><span style=\"color: #000000;\">ha <a style=\"color: #000000;\" href=\"https:\/\/www.blacktraction.com\/home\/aderenza-e-pioggia-in-autunno\">effetto anti\/et\u00e0 e anti\/ ossidante<\/a> che contrasta e f\u00e0 regredire l\u2019 invecchiamento,\u00a0 rinnovando al massimo possibile l\u2019 aderenza degli pneumatici vecchi (cristallizzati), con effetto leggermente variabile conseguentemente al tipo di mescola e al grado di cristallizzazione (il polimero della gomma che invecchia anche se inutilizzato; pneumatici nuovi, ma vecchi, hanno minore aderenza e minore valore economico rispetto a pneumatici di recente produzione).<\/span><\/li>\n<\/ul>\n<p><span style=\"color: #000000;\">Non aumenta l\u2019 usura, la resistenza all\u2019 avanzamento e il consumo di carburante rispetto a pneumatici stradali origimali.<\/span>[\/vc_column_text][\/vc_column][\/vc_row][vc_row][vc_column][vc_column_text][\/vc_column_text][\/vc_column][\/vc_row][vc_row][vc_column][\/vc_column][\/vc_row]<\/p>\n<\/div>","protected":false},"excerpt":{"rendered":"<p>[vc_row][vc_column][vc_column_text]Blacktraction \u00e8 una miscela liquida SENZA CORROSIVI di facile applicazione a pennello, per arricchire la mescola della gomma nuova e &hellip; <span class=\"more-link\"><a href=\"https:\/\/www.blacktraction.com\/home\/aumentare-rinnovare-aderenza-pneumatici-gomma\/blacktraction-per-aderenza-gomme\">Continue Reading<\/a><\/span><\/p>\n","protected":false},"author":1,"featured_media":0,"parent":65,"menu_order":0,"comment_status":"closed","ping_status":"closed","template":"page-full-width.php","meta":{"footnotes":""},"class_list":["post-12229","page","type-page","status-publish","hentry"],"_links":{"self":[{"href":"https:\/\/www.blacktraction.com\/home\/wp-json\/wp\/v2\/pages\/12229","targetHints":{"allow":["GET"]}}],"collection":[{"href":"https:\/\/www.blacktraction.com\/home\/wp-json\/wp\/v2\/pages"}],"about":[{"href":"https:\/\/www.blacktraction.com\/home\/wp-json\/wp\/v2\/types\/page"}],"author":[{"embeddable":true,"href":"https:\/\/www.blacktraction.com\/home\/wp-json\/wp\/v2\/users\/1"}],"replies":[{"embeddable":true,"href":"https:\/\/www.blacktraction.com\/home\/wp-json\/wp\/v2\/comments?post=12229"}],"version-history":[{"count":8,"href":"https:\/\/www.blacktraction.com\/home\/wp-json\/wp\/v2\/pages\/12229\/revisions"}],"predecessor-version":[{"id":21641,"href":"https:\/\/www.blacktraction.com\/home\/wp-json\/wp\/v2\/pages\/12229\/revisions\/21641"}],"up":[{"embeddable":true,"href":"https:\/\/www.blacktraction.com\/home\/wp-json\/wp\/v2\/pages\/65"}],"wp:attachment":[{"href":"https:\/\/www.blacktraction.com\/home\/wp-json\/wp\/v2\/media?parent=12229"}],"curies":[{"name":"wp","href":"https:\/\/api.w.org\/{rel}","templated":true}]}}